{"id":944,"date":"2024-10-18T16:32:00","date_gmt":"2024-10-18T21:32:00","guid":{"rendered":"https:\/\/miguelcaballero.com\/pr\/?page_id=944"},"modified":"2024-10-18T16:32:05","modified_gmt":"2024-10-18T21:32:05","slug":"politica-do-sistema-integrado-de-gestao","status":"publish","type":"page","link":"https:\/\/miguelcaballero.com\/pr\/politica-do-sistema-integrado-de-gestao\/","title":{"rendered":"POL\u00cdTICA DO SISTEMA INTEGRADO DE GEST\u00c3O"},"content":{"rendered":"<p>&nbsp;<\/p>\n<p><strong>POL\u00cdTICA DO SISTEMA INTEGRADO DE GEST\u00c3O<\/strong><\/p>\n<p>CIA MIGUEL CABALLERO S.A.S. projeta, produz e comercializa solu\u00e7\u00f5es especializadas de prote\u00e7\u00e3o pessoal com inova\u00e7\u00e3o, design personalizado, tecnologia e qualidade, comprometendo-se a cumprir as diretrizes de seus sistemas de gest\u00e3o de Qualidade [ISO: 9001.2015], Seguran\u00e7a e Sa\u00fade no Trabalho [ISO: 45001.2008], Meio Ambiente [ISO: 14001.2015], SGS-BASC [VS. 6] e BA 9000, com o objetivo de aumentar e melhorar continuamente o produto, a satisfa\u00e7\u00e3o do cliente, a garantia da cadeia de suprimentos, bem como assegurar o cumprimento dos requisitos legais e regulamentares e das necessidades das partes interessadas, com especial \u00eanfase em colaboradores e na prote\u00e7\u00e3o e cuidado do meio ambiente.<\/p>\n<p>Sob os par\u00e2metros desta pol\u00edtica, os seguintes objetivos foram definidos:<\/p>\n<p><strong>Gest\u00e3o da Qualidade<\/strong><\/p>\n<p>Ser um parceiro confi\u00e1vel e estrat\u00e9gico para seus clientes, assegurando sua satisfa\u00e7\u00e3o e fidelidade com produtos de alta qualidade, entrega pontual e servi\u00e7o eficaz. Vincular, desenvolver e manter colaboradores competentes, comprometidos, criativos e orientados ao cliente.<\/p>\n<p>Adquirir produtos de alta qualidade com o suporte de parceiros confi\u00e1veis. Desenvolver produtos inovadores que atendam efetivamente \u00e0s necessidades do mercado, otimizando custos.<\/p>\n<p>Melhorar continuamente seus processos, otimizando recursos e identificando e controlando riscos, para aumentar a rentabilidade da organiza\u00e7\u00e3o.<\/p>\n<p><strong>Gest\u00e3o de Seguran\u00e7a e Sa\u00fade no Trabalho<\/strong><\/p>\n<p>Cumprir a legisla\u00e7\u00e3o nacional vigente aplic\u00e1vel \u00e0 seguran\u00e7a do trabalho.<\/p>\n<p>Implementar, manter e melhorar continuamente o Sistema de Gest\u00e3o de Seguran\u00e7a e Sa\u00fade no Trabalho para a gest\u00e3o de riscos ocupacionais, desde sua gest\u00e3o at\u00e9 a tomada de decis\u00f5es.<\/p>\n<p>Dirigir esfor\u00e7os para fornecer e manter condi\u00e7\u00f5es de trabalho seguras e ideais em cada um dos ambientes de trabalho, promovendo uma cultura de autocuidado e responsabilidade entre a diretoria e os trabalhadores em rela\u00e7\u00e3o \u00e0 implementa\u00e7\u00e3o e manuten\u00e7\u00e3o do Sistema de Gest\u00e3o de Seguran\u00e7a e Sa\u00fade no Trabalho. Proteger a integridade f\u00edsica, mental e social de seus colaboradores, contratados e subcontratados.<\/p>\n<p>Gerenciar Perigos e Riscos adotando medidas eficazes para desenvolver as a\u00e7\u00f5es de identifica\u00e7\u00e3o de perigos, avalia\u00e7\u00e3o e valoriza\u00e7\u00e3o de riscos, estabelecendo controles que previnam danos \u00e0 sa\u00fade dos trabalhadores e\/ou contratados, assim como a equipamentos e instala\u00e7\u00f5es.<\/p>\n<p>Implementar e desenvolver atividades de preven\u00e7\u00e3o de acidentes de trabalho e doen\u00e7as ocupacionais, assim como promover a sa\u00fade no Sistema de Gest\u00e3o de Seguran\u00e7a e Sa\u00fade no Trabalho. Proteger a seguran\u00e7a e sa\u00fade de todos os colaboradores, mediante a melhoria cont\u00ednua do Sistema de Gest\u00e3o de Seguran\u00e7a e Sa\u00fade no Trabalho na empresa. Garantir a participa\u00e7\u00e3o de todos os colaboradores nas atividades propostas para SST. Informar os trabalhadores e\/ou contratados, a seus representantes no Comit\u00ea Parit\u00e1rio, sobre o desenvolvimento de todas as etapas do SG-SST e, igualmente, avaliar as recomenda\u00e7\u00f5es resultantes para a melhoria do SG-SST. Garantir a capacita\u00e7\u00e3o dos trabalhadores nos aspectos de SST. Garantir a disponibilidade de pessoal respons\u00e1vel pela seguran\u00e7a e sa\u00fade no trabalho.<\/p>\n<p><strong>Gest\u00e3o Ambiental<\/strong><\/p>\n<p>Cumprir a legisla\u00e7\u00e3o nacional vigente aplic\u00e1vel \u00e0 Gest\u00e3o Ambiental.<\/p>\n<p>Prevenir e controlar a polui\u00e7\u00e3o e cuidar dos recursos naturais. Prevenir e evitar os impactos ambientais significativos gerados pela atividade de manufatura, especialmente os decorrentes da gera\u00e7\u00e3o e gest\u00e3o de res\u00edduos perigosos e n\u00e3o perigosos. Fortalecer a pr\u00e1tica de minimizar e aproveitar os res\u00edduos, gerando consci\u00eancia para o cuidado e desenvolvimento sustent\u00e1vel do meio ambiente. Capacitar os colaboradores da empresa sobre os aspectos ambientais relacionados \u00e0s nossas atividades e fun\u00e7\u00f5es, promovendo um maior grau de sensibilidade, consci\u00eancia e responsabilidade em rela\u00e7\u00e3o \u00e0 preserva\u00e7\u00e3o e conserva\u00e7\u00e3o do meio ambiente.<\/p>\n<p>Proteger o meio ambiente, por meio da melhoria cont\u00ednua do Sistema Integrado de Gest\u00e3o.<\/p>\n<p>Praticar o uso sustent\u00e1vel de recursos naturais, minimizando ao m\u00e1ximo o consumo de recursos naturais (\u00e1gua, energia, combust\u00edvel, solo). Realizar uma gest\u00e3o integral dos res\u00edduos gerados, sendo respeitosos com o meio ambiente, aplicando uma correta segrega\u00e7\u00e3o, transporte interno, armazenamento e disposi\u00e7\u00e3o final.<\/p>\n<p><strong>Gest\u00e3o de Seguran\u00e7a BASC<\/strong><\/p>\n<p>Prevenir atividades il\u00edcitas, suborno e corrup\u00e7\u00e3o na cadeia produtiva e log\u00edstica, que afetem a opera\u00e7\u00e3o da organiza\u00e7\u00e3o. Cumprir de forma efetiva a norma e os padr\u00f5es de seguran\u00e7a BASC, em seus sistemas de gest\u00e3o e seguran\u00e7a. Adotar medidas destinadas a preservar a confidencialidade, integridade e disponibilidade das informa\u00e7\u00f5es.<\/p>\n<p><strong>Gest\u00e3o BA 9000<\/strong><\/p>\n<p>Cumprir com os requisitos de constru\u00e7\u00e3o e qualidade de armaduras corporais expl\u00edcitos na norma BA 9000.<\/p>\n<p><strong>Julio Hernando Gonz\u00e1lez<\/strong><\/p>\n<p>ID: 79486987 Representante legal<\/p>\n<p><strong>NOSSA MISS\u00c3O, SALVAR VIDAS<\/strong><\/p>\n<p>&nbsp;<\/p>\n","protected":false},"excerpt":{"rendered":"<p>&nbsp; POL\u00cdTICA DO SISTEMA INTEGRADO DE GEST\u00c3O CIA MIGUEL CABALLERO S.A.S. projeta, produz e comercializa solu\u00e7\u00f5es especializadas de prote\u00e7\u00e3o pessoal com inova\u00e7\u00e3o, design personalizado, tecnologia e qualidade, comprometendo-se a cumprir as diretrizes de seus sistemas de gest\u00e3o de Qualidade [ISO: 9001.2015], Seguran\u00e7a e Sa\u00fade no Trabalho [ISO: 45001.2008], Meio Ambiente [ISO: 14001.2015], SGS-BASC [VS. 6] [&hellip;]<\/p>\n","protected":false},"author":1,"featured_media":0,"parent":0,"menu_order":0,"comment_status":"closed","ping_status":"closed","template":"","meta":{"_acf_changed":false,"footnotes":""},"class_list":["post-944","page","type-page","status-publish","hentry"],"acf":[],"_links":{"self":[{"href":"https:\/\/miguelcaballero.com\/pr\/wp-json\/wp\/v2\/pages\/944","targetHints":{"allow":["GET"]}}],"collection":[{"href":"https:\/\/miguelcaballero.com\/pr\/wp-json\/wp\/v2\/pages"}],"about":[{"href":"https:\/\/miguelcaballero.com\/pr\/wp-json\/wp\/v2\/types\/page"}],"author":[{"embeddable":true,"href":"https:\/\/miguelcaballero.com\/pr\/wp-json\/wp\/v2\/users\/1"}],"replies":[{"embeddable":true,"href":"https:\/\/miguelcaballero.com\/pr\/wp-json\/wp\/v2\/comments?post=944"}],"version-history":[{"count":2,"href":"https:\/\/miguelcaballero.com\/pr\/wp-json\/wp\/v2\/pages\/944\/revisions"}],"predecessor-version":[{"id":946,"href":"https:\/\/miguelcaballero.com\/pr\/wp-json\/wp\/v2\/pages\/944\/revisions\/946"}],"wp:attachment":[{"href":"https:\/\/miguelcaballero.com\/pr\/wp-json\/wp\/v2\/media?parent=944"}],"curies":[{"name":"wp","href":"https:\/\/api.w.org\/{rel}","templated":true}]}}