{"id":8,"date":"2024-07-04T05:31:48","date_gmt":"2024-07-04T03:31:48","guid":{"rendered":"https:\/\/miguelcaballero.com\/pr\/sobrevivientes\/"},"modified":"2024-12-03T18:47:31","modified_gmt":"2024-12-03T23:47:31","slug":"survivors-club","status":"publish","type":"page","link":"https:\/\/miguelcaballero.com\/pr\/survivors-club\/","title":{"rendered":"Survivors Club"},"content":{"rendered":"<p><span style=\"font-weight: 400;\">O <strong>Clube dos Sobreviventes<\/strong> da <strong>MIGUEL CABALLERO<\/strong> \u00e9 uma iniciativa que re\u00fane e compartilha as hist\u00f3rias de indiv\u00edduos que, gra\u00e7as \u00e0s nossas roupas de prote\u00e7\u00e3o blindadas e\/ou equipamentos para motociclistas, sobreviveram a diversas amea\u00e7as e salvaram suas vidas.<\/span><\/p>\n<p><span style=\"font-weight: 400;\"><br \/>\n<\/span><span style=\"font-weight: 400;\">Este programa surge como um reconhecimento a esses sobreviventes e como um testemunho da nossa qualidade e miss\u00e3o. Atrav\u00e9s deste programa, garantimos adicionalmente a substitui\u00e7\u00e3o gratuita das roupas de prote\u00e7\u00e3o blindada ou equipamentos para motociclistas em caso de impacto por disparos de arma de fogo ou acidentes de tr\u00e2nsito, durante a vida \u00fatil do produto.<\/span><\/p>\n","protected":false},"excerpt":{"rendered":"<p>O Clube dos Sobreviventes da MIGUEL CABALLERO \u00e9 uma iniciativa que re\u00fane e compartilha as hist\u00f3rias de indiv\u00edduos que, gra\u00e7as \u00e0s nossas roupas de prote\u00e7\u00e3o blindadas e\/ou equipamentos para motociclistas, sobreviveram a diversas amea\u00e7as e salvaram suas vidas. Este programa surge como um reconhecimento a esses sobreviventes e como um testemunho da nossa qualidade e [&hellip;]<\/p>\n","protected":false},"author":1,"featured_media":0,"parent":0,"menu_order":0,"comment_status":"closed","ping_status":"closed","template":"page-sobrevivientes.php","meta":{"_acf_changed":false,"footnotes":""},"class_list":["post-8","page","type-page","status-publish","hentry"],"acf":[],"_links":{"self":[{"href":"https:\/\/miguelcaballero.com\/pr\/wp-json\/wp\/v2\/pages\/8","targetHints":{"allow":["GET"]}}],"collection":[{"href":"https:\/\/miguelcaballero.com\/pr\/wp-json\/wp\/v2\/pages"}],"about":[{"href":"https:\/\/miguelcaballero.com\/pr\/wp-json\/wp\/v2\/types\/page"}],"author":[{"embeddable":true,"href":"https:\/\/miguelcaballero.com\/pr\/wp-json\/wp\/v2\/users\/1"}],"replies":[{"embeddable":true,"href":"https:\/\/miguelcaballero.com\/pr\/wp-json\/wp\/v2\/comments?post=8"}],"version-history":[{"count":33,"href":"https:\/\/miguelcaballero.com\/pr\/wp-json\/wp\/v2\/pages\/8\/revisions"}],"predecessor-version":[{"id":968,"href":"https:\/\/miguelcaballero.com\/pr\/wp-json\/wp\/v2\/pages\/8\/revisions\/968"}],"wp:attachment":[{"href":"https:\/\/miguelcaballero.com\/pr\/wp-json\/wp\/v2\/media?parent=8"}],"curies":[{"name":"wp","href":"https:\/\/api.w.org\/{rel}","templated":true}]}}