{"id":7,"date":"2024-07-04T05:31:48","date_gmt":"2024-07-04T03:31:48","guid":{"rendered":"https:\/\/miguelcaballero.com\/pr\/nosotros\/"},"modified":"2025-05-08T11:51:12","modified_gmt":"2025-05-08T16:51:12","slug":"our","status":"publish","type":"page","link":"https:\/\/miguelcaballero.com\/pr\/our\/","title":{"rendered":"About us"},"content":{"rendered":"<p><span style=\"font-weight: 400;\">Somos uma <strong>multinacional l\u00edder em prote\u00e7\u00e3o pessoal<\/strong> com mais de tr\u00eas d\u00e9cadas de hist\u00f3ria. <\/span><\/p>\n<p><span style=\"font-weight: 400;\">Especializamo-nos no <strong>design e fabrica\u00e7\u00e3o de roupas blindadas e equipamentos de prote\u00e7\u00e3o para motociclistas<\/strong>. Focados na inova\u00e7\u00e3o, combinamos design, tecnologia e qualidade certificada para proteger vidas e a integridade f\u00edsica de nossos usu\u00e1rios em diversas situa\u00e7\u00f5es de risco.<\/span><\/p>\n<p><span style=\"font-weight: 400;\">Desde nossos primeiros passos em 1992, operamos sob tr\u00eas valores que definem nossa identidade:<\/span><\/p>\n","protected":false},"excerpt":{"rendered":"<p>Somos uma multinacional l\u00edder em prote\u00e7\u00e3o pessoal com mais de tr\u00eas d\u00e9cadas de hist\u00f3ria. Especializamo-nos no design e fabrica\u00e7\u00e3o de roupas blindadas e equipamentos de prote\u00e7\u00e3o para motociclistas. Focados na inova\u00e7\u00e3o, combinamos design, tecnologia e qualidade certificada para proteger vidas e a integridade f\u00edsica de nossos usu\u00e1rios em diversas situa\u00e7\u00f5es de risco. Desde nossos primeiros [&hellip;]<\/p>\n","protected":false},"author":1,"featured_media":609,"parent":0,"menu_order":0,"comment_status":"closed","ping_status":"closed","template":"page-nosotros.php","meta":{"_acf_changed":false,"footnotes":""},"class_list":["post-7","page","type-page","status-publish","has-post-thumbnail","hentry"],"acf":[],"_links":{"self":[{"href":"https:\/\/miguelcaballero.com\/pr\/wp-json\/wp\/v2\/pages\/7","targetHints":{"allow":["GET"]}}],"collection":[{"href":"https:\/\/miguelcaballero.com\/pr\/wp-json\/wp\/v2\/pages"}],"about":[{"href":"https:\/\/miguelcaballero.com\/pr\/wp-json\/wp\/v2\/types\/page"}],"author":[{"embeddable":true,"href":"https:\/\/miguelcaballero.com\/pr\/wp-json\/wp\/v2\/users\/1"}],"replies":[{"embeddable":true,"href":"https:\/\/miguelcaballero.com\/pr\/wp-json\/wp\/v2\/comments?post=7"}],"version-history":[{"count":62,"href":"https:\/\/miguelcaballero.com\/pr\/wp-json\/wp\/v2\/pages\/7\/revisions"}],"predecessor-version":[{"id":1005,"href":"https:\/\/miguelcaballero.com\/pr\/wp-json\/wp\/v2\/pages\/7\/revisions\/1005"}],"wp:featuredmedia":[{"embeddable":true,"href":"https:\/\/miguelcaballero.com\/pr\/wp-json\/wp\/v2\/media\/609"}],"wp:attachment":[{"href":"https:\/\/miguelcaballero.com\/pr\/wp-json\/wp\/v2\/media?parent=7"}],"curies":[{"name":"wp","href":"https:\/\/api.w.org\/{rel}","templated":true}]}}