{"id":422,"date":"2024-07-10T16:15:44","date_gmt":"2024-07-10T21:15:44","guid":{"rendered":"https:\/\/miguelcaballero.com\/pr\/?page_id=422"},"modified":"2024-12-03T18:45:57","modified_gmt":"2024-12-03T23:45:57","slug":"motorcyclist-protection","status":"publish","type":"page","link":"https:\/\/miguelcaballero.com\/pr\/motorcyclist-protection\/","title":{"rendered":"PROTE\u00c7\u00c3O PARA MOTOCICLISTAS"},"content":{"rendered":"<p>Roupas para motociclistas s\u00e3o projetadas para oferecer m\u00e1xima prote\u00e7\u00e3o e conforto aos entusiastas das duas rodas.<\/p>\n<p>Na MIGUEL CABALLERO, entendemos que a seguran\u00e7a \u00e9 fundamental para os motociclistas. Por isso, desenvolvemos tecnologia e design em roupas blindadas em uma linha de produtos que n\u00e3o apenas atende aos mais altos padr\u00f5es de qualidade, mas tamb\u00e9m integra tecnologia avan\u00e7ada e materiais de \u00faltima gera\u00e7\u00e3o.<\/p>\n","protected":false},"excerpt":{"rendered":"<p>Roupas para motociclistas s\u00e3o projetadas para oferecer m\u00e1xima prote\u00e7\u00e3o e conforto aos entusiastas das duas rodas. Na MIGUEL CABALLERO, entendemos que a seguran\u00e7a \u00e9 fundamental para os motociclistas. Por isso, desenvolvemos tecnologia e design em roupas blindadas em uma linha de produtos que n\u00e3o apenas atende aos mais altos padr\u00f5es de qualidade, mas tamb\u00e9m integra [&hellip;]<\/p>\n","protected":false},"author":1,"featured_media":0,"parent":0,"menu_order":0,"comment_status":"closed","ping_status":"closed","template":"page-soluciones.php","meta":{"_acf_changed":false,"footnotes":""},"class_list":["post-422","page","type-page","status-publish","hentry"],"acf":[],"_links":{"self":[{"href":"https:\/\/miguelcaballero.com\/pr\/wp-json\/wp\/v2\/pages\/422","targetHints":{"allow":["GET"]}}],"collection":[{"href":"https:\/\/miguelcaballero.com\/pr\/wp-json\/wp\/v2\/pages"}],"about":[{"href":"https:\/\/miguelcaballero.com\/pr\/wp-json\/wp\/v2\/types\/page"}],"author":[{"embeddable":true,"href":"https:\/\/miguelcaballero.com\/pr\/wp-json\/wp\/v2\/users\/1"}],"replies":[{"embeddable":true,"href":"https:\/\/miguelcaballero.com\/pr\/wp-json\/wp\/v2\/comments?post=422"}],"version-history":[{"count":17,"href":"https:\/\/miguelcaballero.com\/pr\/wp-json\/wp\/v2\/pages\/422\/revisions"}],"predecessor-version":[{"id":966,"href":"https:\/\/miguelcaballero.com\/pr\/wp-json\/wp\/v2\/pages\/422\/revisions\/966"}],"wp:attachment":[{"href":"https:\/\/miguelcaballero.com\/pr\/wp-json\/wp\/v2\/media?parent=422"}],"curies":[{"name":"wp","href":"https:\/\/api.w.org\/{rel}","templated":true}]}}